{"id":33,"date":"2026-01-08T13:07:48","date_gmt":"2026-01-08T05:07:48","guid":{"rendered":"https:\/\/en.jfubearing.co.jp\/about\/"},"modified":"2026-01-30T15:41:37","modified_gmt":"2026-01-30T07:41:37","slug":"uber","status":"publish","type":"page","link":"https:\/\/en.jfubearing.co.jp\/de\/uber\/","title":{"rendered":"\u00dcber"},"content":{"rendered":"<div data-elementor-type=\"wp-page\" data-elementor-id=\"33\" class=\"elementor elementor-33\" data-elementor-post-type=\"page\">\n\t\t\t\t<div class=\"elementor-element elementor-element-7f922c6 e-flex e-con-boxed e-con e-parent\" data-id=\"7f922c6\" data-element_type=\"container\" data-e-type=\"container\" data-settings=\"{&quot;background_background&quot;:&quot;classic&quot;}\">\n\t\t\t\t\t<div class=\"e-con-inner\">\n\t\t\t\t<div class=\"elementor-element elementor-element-ad5efec elementor-widget__width-initial elementor-widget elementor-widget-heading\" data-id=\"ad5efec\" data-element_type=\"widget\" data-e-type=\"widget\" data-widget_type=\"heading.default\">\n\t\t\t\t<div class=\"elementor-widget-container\">\n\t\t\t\t\t<h2 class=\"elementor-heading-title elementor-size-default\">JFU-Lager: Japanische Exzellenz mit globaler Effizienz verkn\u00fcpfen.<\/h2>\t\t\t\t<\/div>\n\t\t\t\t<\/div>\n\t\t\t\t\t<\/div>\n\t\t\t\t<\/div>\n\t\t<div class=\"elementor-element elementor-element-1f19cca e-flex e-con-boxed e-con e-parent\" data-id=\"1f19cca\" data-element_type=\"container\" data-e-type=\"container\">\n\t\t\t\t\t<div class=\"e-con-inner\">\n\t\t<div class=\"elementor-element elementor-element-a6c4c0a e-con-full e-flex e-con e-child\" data-id=\"a6c4c0a\" data-element_type=\"container\" data-e-type=\"container\">\n\t\t\t\t<div class=\"elementor-element elementor-element-c8f258e elementor-widget__width-initial elementor-widget elementor-widget-heading\" data-id=\"c8f258e\" data-element_type=\"widget\" data-e-type=\"widget\" data-widget_type=\"heading.default\">\n\t\t\t\t<div class=\"elementor-widget-container\">\n\t\t\t\t\t<h6 class=\"elementor-heading-title elementor-size-default\">Wir unterst\u00fctzen die Industrie weltweit mit hochpr\u00e4zisen Antriebsl\u00f6sungen und einer optimierten Lieferkette.<\/h6>\t\t\t\t<\/div>\n\t\t\t\t<\/div>\n\t\t\t\t<div class=\"elementor-element elementor-element-fa283f9 elementor-widget elementor-widget-heading\" data-id=\"fa283f9\" data-element_type=\"widget\" data-e-type=\"widget\" data-widget_type=\"heading.default\">\n\t\t\t\t<div class=\"elementor-widget-container\">\n\t\t\t\t\t<h5 class=\"elementor-heading-title elementor-size-default\">JFU-Lager: Japanische Exzellenz mit globaler Effizienz verkn\u00fcpfen.<\/h5>\t\t\t\t<\/div>\n\t\t\t\t<\/div>\n\t\t<div class=\"elementor-element elementor-element-c4cd646 e-con-full e-flex e-con e-child\" data-id=\"c4cd646\" data-element_type=\"container\" data-e-type=\"container\">\n\t\t\t\t<div class=\"elementor-element elementor-element-465e907 elementor-widget elementor-widget-image\" data-id=\"465e907\" data-element_type=\"widget\" data-e-type=\"widget\" data-widget_type=\"image.default\">\n\t\t\t\t<div class=\"elementor-widget-container\">\n\t\t\t\t\t\t\t\t\t\t\t\t\t\t\t<img fetchpriority=\"high\" decoding=\"async\" width=\"558\" height=\"370\" src=\"https:\/\/en.jfubearing.co.jp\/wp-content\/uploads\/2026\/01\/\u5fae\u4fe1\u56fe\u7247_20260113093838_1458_2588.png\" class=\"attachment-large size-large wp-image-1514\" alt=\"\u5fae\u4fe1\u56fe\u7247 20260113093838 1458 2588\" srcset=\"https:\/\/en.jfubearing.co.jp\/wp-content\/uploads\/2026\/01\/\u5fae\u4fe1\u56fe\u7247_20260113093838_1458_2588.png 558w, https:\/\/en.jfubearing.co.jp\/wp-content\/uploads\/2026\/01\/\u5fae\u4fe1\u56fe\u7247_20260113093838_1458_2588-500x332.png 500w, https:\/\/en.jfubearing.co.jp\/wp-content\/uploads\/2026\/01\/\u5fae\u4fe1\u56fe\u7247_20260113093838_1458_2588-300x199.png 300w\" sizes=\"(max-width: 558px) 100vw, 558px\" title=\"- Japanese Bearing\">\t\t\t\t\t\t\t\t\t\t\t\t\t\t\t<\/div>\n\t\t\t\t<\/div>\n\t\t\t\t<\/div>\n\t\t\t\t<\/div>\n\t\t<div class=\"elementor-element elementor-element-3d7b73f e-con-full e-flex e-con e-child\" data-id=\"3d7b73f\" data-element_type=\"container\" data-e-type=\"container\">\n\t\t\t\t<div class=\"elementor-element elementor-element-a19e392 elementor-widget elementor-widget-image-box\" data-id=\"a19e392\" data-element_type=\"widget\" data-e-type=\"widget\" data-widget_type=\"image-box.default\">\n\t\t\t\t<div class=\"elementor-widget-container\">\n\t\t\t\t\t<div class=\"elementor-image-box-wrapper\"><div class=\"elementor-image-box-content\"><h6 class=\"elementor-image-box-title\">Der Ursprung der JFU-Qualit\u00e4t<\/h6><p class=\"elementor-image-box-description\">JFU ist eine japanische Lagermarke, die sich der Pr\u00e4zision und Langlebigkeit verschrieben hat. Unsere F&amp;E- und Qualit\u00e4tsstandards sind in den strengen Traditionen der japanischen Fertigung verwurzelt. Wir glauben, dass ein Lager mehr als nur ein Bauteil ist - es ist das Herzst\u00fcck einer Maschine, die keine Kompromisse bei der Qualit\u00e4t erfordert.<\/p><\/div><\/div>\t\t\t\t<\/div>\n\t\t\t\t<\/div>\n\t\t\t\t<div class=\"elementor-element elementor-element-299e46e elementor-widget elementor-widget-image\" data-id=\"299e46e\" data-element_type=\"widget\" data-e-type=\"widget\" data-widget_type=\"image.default\">\n\t\t\t\t<div class=\"elementor-widget-container\">\n\t\t\t\t\t\t\t\t\t\t\t\t\t\t\t<img decoding=\"async\" width=\"912\" height=\"606\" src=\"https:\/\/en.jfubearing.co.jp\/wp-content\/uploads\/2026\/01\/QQ20260112-215112.png\" class=\"attachment-large size-large wp-image-1494\" alt=\"qq20260112 215112\" srcset=\"https:\/\/en.jfubearing.co.jp\/wp-content\/uploads\/2026\/01\/QQ20260112-215112.png 912w, https:\/\/en.jfubearing.co.jp\/wp-content\/uploads\/2026\/01\/QQ20260112-215112-500x332.png 500w, https:\/\/en.jfubearing.co.jp\/wp-content\/uploads\/2026\/01\/QQ20260112-215112-300x199.png 300w, https:\/\/en.jfubearing.co.jp\/wp-content\/uploads\/2026\/01\/QQ20260112-215112-768x510.png 768w\" sizes=\"(max-width: 912px) 100vw, 912px\" title=\"- Japanese Bearing\">\t\t\t\t\t\t\t\t\t\t\t\t\t\t\t<\/div>\n\t\t\t\t<\/div>\n\t\t\t\t<\/div>\n\t\t\t\t\t<\/div>\n\t\t\t\t<\/div>\n\t\t<div class=\"elementor-element elementor-element-34a4998 e-flex e-con-boxed e-con e-parent\" data-id=\"34a4998\" data-element_type=\"container\" data-e-type=\"container\">\n\t\t\t\t\t<div class=\"e-con-inner\">\n\t\t\t\t<div class=\"elementor-element elementor-element-2af57c3 elementor-widget elementor-widget-heading\" data-id=\"2af57c3\" data-element_type=\"widget\" data-e-type=\"widget\" data-widget_type=\"heading.default\">\n\t\t\t\t<div class=\"elementor-widget-container\">\n\t\t\t\t\t<h3 class=\"elementor-heading-title elementor-size-default\">Japan Union Factory Offizielles Dokument<\/h3>\t\t\t\t<\/div>\n\t\t\t\t<\/div>\n\t\t\t\t\t<\/div>\n\t\t\t\t<\/div>\n\t\t<div class=\"elementor-element elementor-element-ef78649 e-grid e-con-boxed e-con e-parent\" data-id=\"ef78649\" data-element_type=\"container\" data-e-type=\"container\">\n\t\t\t\t\t<div class=\"e-con-inner\">\n\t\t\t\t<div class=\"elementor-element elementor-element-d307b53 animated-slow elementor-invisible elementor-widget elementor-widget-image\" data-id=\"d307b53\" data-element_type=\"widget\" data-e-type=\"widget\" data-settings=\"{&quot;_animation&quot;:&quot;slideInLeft&quot;}\" data-widget_type=\"image.default\">\n\t\t\t\t<div class=\"elementor-widget-container\">\n\t\t\t\t\t\t\t\t\t\t\t\t\t\t\t<img decoding=\"async\" width=\"1862\" height=\"2560\" src=\"https:\/\/en.jfubearing.co.jp\/wp-content\/uploads\/2026\/01\/acf394ed683f6eb5b2c7a533baa8b906-scaled.jpg\" class=\"attachment-full size-full wp-image-1491\" alt=\"acf394ed683f6eb5b2c7a533baa8b906\" srcset=\"https:\/\/en.jfubearing.co.jp\/wp-content\/uploads\/2026\/01\/acf394ed683f6eb5b2c7a533baa8b906-scaled.jpg 1862w, https:\/\/en.jfubearing.co.jp\/wp-content\/uploads\/2026\/01\/acf394ed683f6eb5b2c7a533baa8b906-scaled-500x687.jpg 500w, https:\/\/en.jfubearing.co.jp\/wp-content\/uploads\/2026\/01\/acf394ed683f6eb5b2c7a533baa8b906-218x300.jpg 218w, https:\/\/en.jfubearing.co.jp\/wp-content\/uploads\/2026\/01\/acf394ed683f6eb5b2c7a533baa8b906-745x1024.jpg 745w, https:\/\/en.jfubearing.co.jp\/wp-content\/uploads\/2026\/01\/acf394ed683f6eb5b2c7a533baa8b906-768x1056.jpg 768w, https:\/\/en.jfubearing.co.jp\/wp-content\/uploads\/2026\/01\/acf394ed683f6eb5b2c7a533baa8b906-1117x1536.jpg 1117w, https:\/\/en.jfubearing.co.jp\/wp-content\/uploads\/2026\/01\/acf394ed683f6eb5b2c7a533baa8b906-1489x2048.jpg 1489w\" sizes=\"(max-width: 1862px) 100vw, 1862px\" title=\"- Japanese Bearing\">\t\t\t\t\t\t\t\t\t\t\t\t\t\t\t<\/div>\n\t\t\t\t<\/div>\n\t\t\t\t<div class=\"elementor-element elementor-element-6791631 animated-slow elementor-invisible elementor-widget elementor-widget-image\" data-id=\"6791631\" data-element_type=\"widget\" data-e-type=\"widget\" data-settings=\"{&quot;_animation&quot;:&quot;slideInUp&quot;}\" data-widget_type=\"image.default\">\n\t\t\t\t<div class=\"elementor-widget-container\">\n\t\t\t\t\t\t\t\t\t\t\t\t\t\t\t<img loading=\"lazy\" decoding=\"async\" width=\"1862\" height=\"2560\" src=\"https:\/\/en.jfubearing.co.jp\/wp-content\/uploads\/2026\/01\/3476cd77-b6d1-42ee-a869-aaee8a095bb9-scaled.png\" class=\"attachment-full size-full wp-image-1492\" alt=\"3476cd77 b6d1 42ee a869 aaee8a095bb9\" srcset=\"https:\/\/en.jfubearing.co.jp\/wp-content\/uploads\/2026\/01\/3476cd77-b6d1-42ee-a869-aaee8a095bb9-scaled.png 1862w, https:\/\/en.jfubearing.co.jp\/wp-content\/uploads\/2026\/01\/3476cd77-b6d1-42ee-a869-aaee8a095bb9-scaled-500x687.png 500w, https:\/\/en.jfubearing.co.jp\/wp-content\/uploads\/2026\/01\/3476cd77-b6d1-42ee-a869-aaee8a095bb9-218x300.png 218w, https:\/\/en.jfubearing.co.jp\/wp-content\/uploads\/2026\/01\/3476cd77-b6d1-42ee-a869-aaee8a095bb9-745x1024.png 745w, https:\/\/en.jfubearing.co.jp\/wp-content\/uploads\/2026\/01\/3476cd77-b6d1-42ee-a869-aaee8a095bb9-768x1056.png 768w, https:\/\/en.jfubearing.co.jp\/wp-content\/uploads\/2026\/01\/3476cd77-b6d1-42ee-a869-aaee8a095bb9-1117x1536.png 1117w, https:\/\/en.jfubearing.co.jp\/wp-content\/uploads\/2026\/01\/3476cd77-b6d1-42ee-a869-aaee8a095bb9-1489x2048.png 1489w\" sizes=\"(max-width: 1862px) 100vw, 1862px\" title=\"- Japanese Bearing\">\t\t\t\t\t\t\t\t\t\t\t\t\t\t\t<\/div>\n\t\t\t\t<\/div>\n\t\t\t\t<div class=\"elementor-element elementor-element-7428d1a animated-slow elementor-invisible elementor-widget elementor-widget-image\" data-id=\"7428d1a\" data-element_type=\"widget\" data-e-type=\"widget\" data-settings=\"{&quot;_animation&quot;:&quot;slideInRight&quot;}\" data-widget_type=\"image.default\">\n\t\t\t\t<div class=\"elementor-widget-container\">\n\t\t\t\t\t\t\t\t\t\t\t\t\t\t\t<img loading=\"lazy\" decoding=\"async\" width=\"787\" height=\"1020\" src=\"https:\/\/en.jfubearing.co.jp\/wp-content\/uploads\/2026\/01\/JFU.png\" class=\"attachment-full size-full wp-image-8923\" alt=\"jfu\" srcset=\"https:\/\/en.jfubearing.co.jp\/wp-content\/uploads\/2026\/01\/JFU.png 787w, https:\/\/en.jfubearing.co.jp\/wp-content\/uploads\/2026\/01\/JFU-231x300.png 231w, https:\/\/en.jfubearing.co.jp\/wp-content\/uploads\/2026\/01\/JFU-768x995.png 768w, https:\/\/en.jfubearing.co.jp\/wp-content\/uploads\/2026\/01\/JFU-9x12.png 9w, https:\/\/en.jfubearing.co.jp\/wp-content\/uploads\/2026\/01\/JFU-500x648.png 500w\" sizes=\"(max-width: 787px) 100vw, 787px\" title=\"- Japanese Bearing\">\t\t\t\t\t\t\t\t\t\t\t\t\t\t\t<\/div>\n\t\t\t\t<\/div>\n\t\t\t\t\t<\/div>\n\t\t\t\t<\/div>\n\t\t<div class=\"elementor-element elementor-element-69b05ff e-flex e-con-boxed e-con e-parent\" data-id=\"69b05ff\" data-element_type=\"container\" data-e-type=\"container\" data-settings=\"{&quot;background_background&quot;:&quot;classic&quot;}\">\n\t\t\t\t\t<div class=\"e-con-inner\">\n\t\t<div class=\"elementor-element elementor-element-799949e e-con-full e-flex e-con e-child\" data-id=\"799949e\" data-element_type=\"container\" data-e-type=\"container\">\n\t\t\t\t<div class=\"elementor-element elementor-element-615d8ae elementor-widget__width-initial elementor-widget elementor-widget-heading\" data-id=\"615d8ae\" data-element_type=\"widget\" data-e-type=\"widget\" data-widget_type=\"heading.default\">\n\t\t\t\t<div class=\"elementor-widget-container\">\n\t\t\t\t\t<p class=\"elementor-heading-title elementor-size-default\">Globale Logistik aus China<\/p>\t\t\t\t<\/div>\n\t\t\t\t<\/div>\n\t\t\t\t<div class=\"elementor-element elementor-element-302ea05 elementor-widget elementor-widget-heading\" data-id=\"302ea05\" data-element_type=\"widget\" data-e-type=\"widget\" data-widget_type=\"heading.default\">\n\t\t\t\t<div class=\"elementor-widget-container\">\n\t\t\t\t\t<h3 class=\"elementor-heading-title elementor-size-default\">Um den internationalen Markt besser bedienen zu k\u00f6nnen und die wettbewerbsf\u00e4higsten Lieferzeiten zu gew\u00e4hrleisten, hat JFU sein wichtigstes Logistik- und Exportzentrum in China eingerichtet.<\/h3>\t\t\t\t<\/div>\n\t\t\t\t<\/div>\n\t\t\t\t<\/div>\n\t\t<div class=\"elementor-element elementor-element-197e30f e-con-full e-flex e-con e-child\" data-id=\"197e30f\" data-element_type=\"container\" data-e-type=\"container\">\n\t\t<div class=\"elementor-element elementor-element-f46ae64 e-flex e-con-boxed e-con e-child\" data-id=\"f46ae64\" data-element_type=\"container\" data-e-type=\"container\">\n\t\t\t\t\t<div class=\"e-con-inner\">\n\t\t\t\t<div class=\"elementor-element elementor-element-f22b262 elementor-widget elementor-widget-hfe-infocard\" data-id=\"f22b262\" data-element_type=\"widget\" data-e-type=\"widget\" data-widget_type=\"hfe-infocard.default\">\n\t\t\t\t<div class=\"elementor-widget-container\">\n\t\t\t\t\t\n\t\t<div class=\"hfe-infocard\">\n\t\t\t\t\t\t\t\t\t<div class=\"hfe-infocard-title-wrap\">\n\t\t\t\t<h3 class=\"hfe-infocard-title elementor-inline-editing\" data-elementor-setting-key=\"infocard_title\" data-elementor-inline-editing-toolbar=\"basic\" >Direkter Export: <\/h3>\t\t\t<\/div>\n\t\t\t\t\t\t<div class=\"hfe-infocard-text-wrap\">\n\t\t\t\t<div class=\"hfe-infocard-text elementor-inline-editing\" data-elementor-setting-key=\"infocard_description\" data-elementor-inline-editing-toolbar=\"advanced\">\n\t\t\t\t\tEliminierung unn\u00f6tiger Zwischenh\u00e4ndler, um Gro\u00dfhandelspreise zu erm\u00f6glichen\t\t\t\t<\/div>\n\t\t\t\t\t\t\t<\/div>\n\t\t<\/div>\n\n\t\t\t\t\t\t<\/div>\n\t\t\t\t<\/div>\n\t\t\t\t\t<\/div>\n\t\t\t\t<\/div>\n\t\t<div class=\"elementor-element elementor-element-2b5b303 e-con-full e-flex e-con e-child\" data-id=\"2b5b303\" data-element_type=\"container\" data-e-type=\"container\">\n\t\t\t\t<div class=\"elementor-element elementor-element-f007099 elementor-widget elementor-widget-hfe-infocard\" data-id=\"f007099\" data-element_type=\"widget\" data-e-type=\"widget\" data-widget_type=\"hfe-infocard.default\">\n\t\t\t\t<div class=\"elementor-widget-container\">\n\t\t\t\t\t\n\t\t<div class=\"hfe-infocard\">\n\t\t\t\t\t\t\t\t\t<div class=\"hfe-infocard-title-wrap\">\n\t\t\t\t<h3 class=\"hfe-infocard-title elementor-inline-editing\" data-elementor-setting-key=\"infocard_title\" data-elementor-inline-editing-toolbar=\"basic\" >Massiver Bestand: <\/h3>\t\t\t<\/div>\n\t\t\t\t\t\t<div class=\"hfe-infocard-text-wrap\">\n\t\t\t\t<div class=\"hfe-infocard-text elementor-inline-editing\" data-elementor-setting-key=\"infocard_description\" data-elementor-inline-editing-toolbar=\"advanced\">\n\t\t\t\t\tSofortiger Zugriff auf Tausende von Modellen (Kugel-, Rollen- und Nadellager).\t\t\t\t<\/div>\n\t\t\t\t\t\t\t<\/div>\n\t\t<\/div>\n\n\t\t\t\t\t\t<\/div>\n\t\t\t\t<\/div>\n\t\t\t\t<\/div>\n\t\t<div class=\"elementor-element elementor-element-a6305bb e-flex e-con-boxed e-con e-child\" data-id=\"a6305bb\" data-element_type=\"container\" data-e-type=\"container\">\n\t\t\t\t\t<div class=\"e-con-inner\">\n\t\t\t\t<div class=\"elementor-element elementor-element-421d8d2 elementor-widget elementor-widget-hfe-infocard\" data-id=\"421d8d2\" data-element_type=\"widget\" data-e-type=\"widget\" data-widget_type=\"hfe-infocard.default\">\n\t\t\t\t<div class=\"elementor-widget-container\">\n\t\t\t\t\t\n\t\t<div class=\"hfe-infocard\">\n\t\t\t\t\t\t\t\t\t<div class=\"hfe-infocard-title-wrap\">\n\t\t\t\t<h3 class=\"hfe-infocard-title elementor-inline-editing\" data-elementor-setting-key=\"infocard_title\" data-elementor-inline-editing-toolbar=\"basic\" >Schnelle Reaktion:<\/h3>\t\t\t<\/div>\n\t\t\t\t\t\t<div class=\"hfe-infocard-text-wrap\">\n\t\t\t\t<div class=\"hfe-infocard-text elementor-inline-editing\" data-elementor-setting-key=\"infocard_description\" data-elementor-inline-editing-toolbar=\"advanced\">\n\t\t\t\t\tNahtlose Kommunikation und schneller Versand von gro\u00dfen chinesischen H\u00e4fen aus.\t\t\t\t<\/div>\n\t\t\t\t\t\t\t<\/div>\n\t\t<\/div>\n\n\t\t\t\t\t\t<\/div>\n\t\t\t\t<\/div>\n\t\t\t\t\t<\/div>\n\t\t\t\t<\/div>\n\t\t\t\t<\/div>\n\t\t\t\t\t<\/div>\n\t\t\t\t<\/div>\n\t\t<div class=\"elementor-element elementor-element-db74b74 e-flex e-con-boxed e-con e-parent\" data-id=\"db74b74\" data-element_type=\"container\" data-e-type=\"container\" data-settings=\"{&quot;background_background&quot;:&quot;classic&quot;}\">\n\t\t\t\t\t<div class=\"e-con-inner\">\n\t\t\t\t<div class=\"elementor-element elementor-element-f81ebf7 elementor-widget__width-initial elementor-widget elementor-widget-heading\" data-id=\"f81ebf7\" data-element_type=\"widget\" data-e-type=\"widget\" data-widget_type=\"heading.default\">\n\t\t\t\t<div class=\"elementor-widget-container\">\n\t\t\t\t\t<p class=\"elementor-heading-title elementor-size-default\">Qualit\u00e4tskontrolle - QC<\/p>\t\t\t\t<\/div>\n\t\t\t\t<\/div>\n\t\t\t\t<div class=\"elementor-element elementor-element-2917742 elementor-button-success elementor-widget elementor-widget-button\" data-id=\"2917742\" data-element_type=\"widget\" data-e-type=\"widget\" data-widget_type=\"button.default\">\n\t\t\t\t<div class=\"elementor-widget-container\">\n\t\t\t\t\t\t\t\t\t<div class=\"elementor-button-wrapper\">\n\t\t\t\t\t<a class=\"elementor-button elementor-button-link elementor-size-sm\" href=\"#\">\n\t\t\t\t\t\t<span class=\"elementor-button-content-wrapper\">\n\t\t\t\t\t\t\t\t\t<span class=\"elementor-button-text\">Kataloge herunterladen<\/span>\n\t\t\t\t\t<\/span>\n\t\t\t\t\t<\/a>\n\t\t\t\t<\/div>\n\t\t\t\t\t\t\t\t<\/div>\n\t\t\t\t<\/div>\n\t\t\t\t<div class=\"elementor-element elementor-element-4ea9852 elementor-widget__width-initial elementor-widget-mobile__width-inherit elementor-widget elementor-widget-text-editor\" data-id=\"4ea9852\" data-element_type=\"widget\" data-e-type=\"widget\" data-widget_type=\"text-editor.default\">\n\t\t\t\t<div class=\"elementor-widget-container\">\n\t\t\t\t\t\t\t\t\t<p>\u00a0<\/p><ul><li class=\"translation-block\">Material<strong> Auswahl: Es wird nur hochreiner Lagerstahl GCr15 verwendet.<\/strong><\/li><li><strong>Pr\u00e4zisionspr\u00fcfung: 100% Vibrations-, Ger\u00e4usch- und Spieltests vor der Verpackung.<\/strong><\/li><li><strong>Einhaltung von Normen: Vollst\u00e4ndig konform mit den ISO- und japanischen Industrienormen (JIS).<\/strong><\/li><\/ul>\t\t\t\t\t\t\t\t<\/div>\n\t\t\t\t<\/div>\n\t\t\t\t<div class=\"elementor-element elementor-element-e05eac2 elementor-widget__width-initial elementor-widget elementor-widget-text-editor\" data-id=\"e05eac2\" data-element_type=\"widget\" data-e-type=\"widget\" data-widget_type=\"text-editor.default\">\n\t\t\t\t<div class=\"elementor-widget-container\">\n\t\t\t\t\t\t\t\t\t<ul><li>Sie suchen einen zuverl\u00e4ssigen JFU-H\u00e4ndler f\u00fcr japanische Lager f\u00fcr Ihr Projekt?<\/li><li><b style=\"font-style: inherit;\" data-path-to-node=\"22,0,0\" data-index-in-node=\"0\">15+<\/b><span style=\"font-size: 16px;\"> Jahrelange Erfahrung in der Industrie<\/span><\/li><li><b data-path-to-node=\"22,1,0\" data-index-in-node=\"0\">10,000+<\/b> Lagermodelle auf Lager<\/li><li><b data-path-to-node=\"22,2,0\" data-index-in-node=\"0\">50+<\/b> L\u00e4nder, in die exportiert wird<\/li><li><b data-path-to-node=\"22,3,0\" data-index-in-node=\"0\">0.1%<\/b> Ziel f\u00fcr die Fehlerquote<\/li><\/ul>\t\t\t\t\t\t\t\t<\/div>\n\t\t\t\t<\/div>\n\t\t\t\t\t<\/div>\n\t\t\t\t<\/div>\n\t\t\t\t<\/div>","protected":false},"excerpt":{"rendered":"<p>JFU Bearings: Bridging Japanese Excellence with Global Efficiency. Empowering industries worldwide with high-precision motion solutions and a streamlined supply chain. JFU Bearings: Bridging Japanese Excellence with Global Efficiency. The Origin of JFU Quality JFU is a Japanese-engineered bearing brand dedicated to precision and durability. Our R&amp;D and quality standards are rooted in the rigorous traditions [&hellip;]<\/p>\n","protected":false},"author":1,"featured_media":0,"parent":0,"menu_order":0,"comment_status":"closed","ping_status":"closed","template":"","meta":{"_acf_changed":false,"_coblocks_attr":"","_coblocks_dimensions":"","_coblocks_responsive_height":"","_coblocks_accordion_ie_support":"","site-sidebar-layout":"no-sidebar","site-content-layout":"","ast-site-content-layout":"full-width-container","site-content-style":"default","site-sidebar-style":"default","ast-global-header-display":"","ast-banner-title-visibility":"","ast-main-header-display":"","ast-hfb-above-header-display":"","ast-hfb-below-header-display":"","ast-hfb-mobile-header-display":"","site-post-title":"disabled","ast-breadcrumbs-content":"","ast-featured-img":"disabled","footer-sml-layout":"","ast-disable-related-posts":"","theme-transparent-header-meta":"enabled","adv-header-id-meta":"","stick-header-meta":"","header-above-stick-meta":"","header-main-stick-meta":"","header-below-stick-meta":"","astra-migrate-meta-layouts":"default","ast-page-background-enabled":"default","ast-page-background-meta":{"desktop":{"background-color":"var(--ast-global-color-4)","background-image":"","background-repeat":"repeat","background-position":"center center","background-size":"auto","background-attachment":"scroll","background-type":"","background-media":"","overlay-type":"","overlay-color":"","overlay-opacity":"","overlay-gradient":""},"tablet":{"background-color":"","background-image":"","background-repeat":"repeat","background-position":"center center","background-size":"auto","background-attachment":"scroll","background-type":"","background-media":"","overlay-type":"","overlay-color":"","overlay-opacity":"","overlay-gradient":""},"mobile":{"background-color":"","background-image":"","background-repeat":"repeat","background-position":"center center","background-size":"auto","background-attachment":"scroll","background-type":"","background-media":"","overlay-type":"","overlay-color":"","overlay-opacity":"","overlay-gradient":""}},"ast-content-background-meta":{"desktop":{"background-color":"var(--ast-global-color-5)","background-image":"","background-repeat":"repeat","background-position":"center center","background-size":"auto","background-attachment":"scroll","background-type":"","background-media":"","overlay-type":"","overlay-color":"","overlay-opacity":"","overlay-gradient":""},"tablet":{"background-color":"var(--ast-global-color-5)","background-image":"","background-repeat":"repeat","background-position":"center center","background-size":"auto","background-attachment":"scroll","background-type":"","background-media":"","overlay-type":"","overlay-color":"","overlay-opacity":"","overlay-gradient":""},"mobile":{"background-color":"var(--ast-global-color-5)","background-image":"","background-repeat":"repeat","background-position":"center center","background-size":"auto","background-attachment":"scroll","background-type":"","background-media":"","overlay-type":"","overlay-color":"","overlay-opacity":"","overlay-gradient":""}},"footnotes":""},"class_list":["post-33","page","type-page","status-publish","hentry"],"acf":[],"_links":{"self":[{"href":"https:\/\/en.jfubearing.co.jp\/de\/wp-json\/wp\/v2\/pages\/33","targetHints":{"allow":["GET"]}}],"collection":[{"href":"https:\/\/en.jfubearing.co.jp\/de\/wp-json\/wp\/v2\/pages"}],"about":[{"href":"https:\/\/en.jfubearing.co.jp\/de\/wp-json\/wp\/v2\/types\/page"}],"author":[{"embeddable":true,"href":"https:\/\/en.jfubearing.co.jp\/de\/wp-json\/wp\/v2\/users\/1"}],"replies":[{"embeddable":true,"href":"https:\/\/en.jfubearing.co.jp\/de\/wp-json\/wp\/v2\/comments?post=33"}],"version-history":[{"count":9,"href":"https:\/\/en.jfubearing.co.jp\/de\/wp-json\/wp\/v2\/pages\/33\/revisions"}],"predecessor-version":[{"id":14890,"href":"https:\/\/en.jfubearing.co.jp\/de\/wp-json\/wp\/v2\/pages\/33\/revisions\/14890"}],"wp:attachment":[{"href":"https:\/\/en.jfubearing.co.jp\/de\/wp-json\/wp\/v2\/media?parent=33"}],"curies":[{"name":"wp","href":"https:\/\/api.w.org\/{rel}","templated":true}]}}